{"id":7230,"date":"2025-04-01T07:37:07","date_gmt":"2025-04-01T07:37:07","guid":{"rendered":"https:\/\/hestanbul.com\/thankyou\/"},"modified":"2025-04-01T08:05:54","modified_gmt":"2025-04-01T08:05:54","slug":"merci","status":"publish","type":"page","link":"http:\/\/hestanbul.com\/fr\/merci\/","title":{"rendered":"Merci"},"content":{"rendered":"<section id=\"bt_section69e349ba700fc\"  class=\"boldSection gutter\" ><div class=\"port\"><div class=\"boldCell\"><div class=\"boldCellInner\"><div class=\"boldRow  \" style=\"margin-top: 50px; margin-bottom: 100px;\"><div class=\"boldRowInner\"><div class=\"rowItem col-md-2  col-sm-4 col-ms-12 btTextLeft\"  ><div class=\"rowItemContent\" ><\/div><\/div><div class=\"rowItem col-md-8 col-ms-12 btTextLeft\"  ><div class=\"rowItemContent\" ><div class=\"btIconImageRow btIconsNormalPosition\" style=\"text-align: center;\"><span class=\"btIco btIcoFilledType btIcoBigSize btIcoAccentColor   \"  style=\"margin-bottom: 30px;\"><span  data-ico-fa=\"&#xf14a;\" class=\"btIcoHolder\"><em><\/em><\/span><\/span><\/div><div class=\"btText\" ><\/p>\n<p>Merci d&#8217;avoir rempli notre formulaire de consultation gratuite\u00a0! L&#8217;\u00e9quipe d&#8217;Hestanbul vous contactera prochainement pour planifier votre consultation, \u00e9laborer votre plan de traitement et vous fournir un devis personnalis\u00e9.<\/p>\n<p>\n<\/div><\/div><\/div><div class=\"rowItem col-md-2  col-sm-4 col-ms-12 btTextLeft\"  ><div class=\"rowItemContent\" ><\/div><\/div><\/div><\/div><\/div><\/div><\/div><\/section>\n","protected":false},"excerpt":{"rendered":"","protected":false},"author":4,"featured_media":0,"parent":0,"menu_order":0,"comment_status":"closed","ping_status":"closed","template":"","meta":{"_joinchat":[]},"yoast_head":"<!-- This site is optimized with the Yoast SEO plugin v20.5 - https:\/\/yoast.com\/wordpress\/plugins\/seo\/ -->\n<title>Merci - Hestanbul<\/title>\n<meta name=\"robots\" content=\"index, follow, max-snippet:-1, max-image-preview:large, max-video-preview:-1\" \/>\n<link rel=\"canonical\" href=\"http:\/\/hestanbul.com\/fr\/merci\/\" \/>\n<meta property=\"og:locale\" content=\"fr_FR\" \/>\n<meta property=\"og:type\" content=\"article\" \/>\n<meta property=\"og:title\" content=\"Merci - Hestanbul\" \/>\n<meta property=\"og:url\" content=\"http:\/\/hestanbul.com\/fr\/merci\/\" \/>\n<meta property=\"og:site_name\" content=\"Hestanbul\" \/>\n<meta property=\"article:modified_time\" content=\"2025-04-01T08:05:54+00:00\" \/>\n<meta name=\"twitter:card\" content=\"summary_large_image\" \/>\n<meta name=\"twitter:label1\" content=\"Dur\u00e9e de lecture estim\u00e9e\" \/>\n\t<meta name=\"twitter:data1\" content=\"1 minute\" \/>\n<script type=\"application\/ld+json\" class=\"yoast-schema-graph\">{\"@context\":\"https:\/\/schema.org\",\"@graph\":[{\"@type\":\"WebPage\",\"@id\":\"http:\/\/hestanbul.com\/fr\/merci\/\",\"url\":\"http:\/\/hestanbul.com\/fr\/merci\/\",\"name\":\"Merci - Hestanbul\",\"isPartOf\":{\"@id\":\"https:\/\/hestanbul.com\/#website\"},\"datePublished\":\"2025-04-01T07:37:07+00:00\",\"dateModified\":\"2025-04-01T08:05:54+00:00\",\"breadcrumb\":{\"@id\":\"http:\/\/hestanbul.com\/fr\/merci\/#breadcrumb\"},\"inLanguage\":\"fr-FR\",\"potentialAction\":[{\"@type\":\"ReadAction\",\"target\":[\"http:\/\/hestanbul.com\/fr\/merci\/\"]}]},{\"@type\":\"BreadcrumbList\",\"@id\":\"http:\/\/hestanbul.com\/fr\/merci\/#breadcrumb\",\"itemListElement\":[{\"@type\":\"ListItem\",\"position\":1,\"name\":\"Home\",\"item\":\"http:\/\/hestanbul.com\/fr\/\"},{\"@type\":\"ListItem\",\"position\":2,\"name\":\"Merci\"}]},{\"@type\":\"WebSite\",\"@id\":\"https:\/\/hestanbul.com\/#website\",\"url\":\"https:\/\/hestanbul.com\/\",\"name\":\"Hestanbul\",\"description\":\"Health &amp; Medical Services\",\"potentialAction\":[{\"@type\":\"SearchAction\",\"target\":{\"@type\":\"EntryPoint\",\"urlTemplate\":\"https:\/\/hestanbul.com\/?s={search_term_string}\"},\"query-input\":\"required name=search_term_string\"}],\"inLanguage\":\"fr-FR\"}]}<\/script>\n<!-- \/ Yoast SEO plugin. -->","yoast_head_json":{"title":"Merci - Hestanbul","robots":{"index":"index","follow":"follow","max-snippet":"max-snippet:-1","max-image-preview":"max-image-preview:large","max-video-preview":"max-video-preview:-1"},"canonical":"http:\/\/hestanbul.com\/fr\/merci\/","og_locale":"fr_FR","og_type":"article","og_title":"Merci - Hestanbul","og_url":"http:\/\/hestanbul.com\/fr\/merci\/","og_site_name":"Hestanbul","article_modified_time":"2025-04-01T08:05:54+00:00","twitter_card":"summary_large_image","twitter_misc":{"Dur\u00e9e de lecture estim\u00e9e":"1 minute"},"schema":{"@context":"https:\/\/schema.org","@graph":[{"@type":"WebPage","@id":"http:\/\/hestanbul.com\/fr\/merci\/","url":"http:\/\/hestanbul.com\/fr\/merci\/","name":"Merci - Hestanbul","isPartOf":{"@id":"https:\/\/hestanbul.com\/#website"},"datePublished":"2025-04-01T07:37:07+00:00","dateModified":"2025-04-01T08:05:54+00:00","breadcrumb":{"@id":"http:\/\/hestanbul.com\/fr\/merci\/#breadcrumb"},"inLanguage":"fr-FR","potentialAction":[{"@type":"ReadAction","target":["http:\/\/hestanbul.com\/fr\/merci\/"]}]},{"@type":"BreadcrumbList","@id":"http:\/\/hestanbul.com\/fr\/merci\/#breadcrumb","itemListElement":[{"@type":"ListItem","position":1,"name":"Home","item":"http:\/\/hestanbul.com\/fr\/"},{"@type":"ListItem","position":2,"name":"Merci"}]},{"@type":"WebSite","@id":"https:\/\/hestanbul.com\/#website","url":"https:\/\/hestanbul.com\/","name":"Hestanbul","description":"Health &amp; Medical Services","potentialAction":[{"@type":"SearchAction","target":{"@type":"EntryPoint","urlTemplate":"https:\/\/hestanbul.com\/?s={search_term_string}"},"query-input":"required name=search_term_string"}],"inLanguage":"fr-FR"}]}},"_links":{"self":[{"href":"http:\/\/hestanbul.com\/fr\/wp-json\/wp\/v2\/pages\/7230"}],"collection":[{"href":"http:\/\/hestanbul.com\/fr\/wp-json\/wp\/v2\/pages"}],"about":[{"href":"http:\/\/hestanbul.com\/fr\/wp-json\/wp\/v2\/types\/page"}],"author":[{"embeddable":true,"href":"http:\/\/hestanbul.com\/fr\/wp-json\/wp\/v2\/users\/4"}],"replies":[{"embeddable":true,"href":"http:\/\/hestanbul.com\/fr\/wp-json\/wp\/v2\/comments?post=7230"}],"version-history":[{"count":2,"href":"http:\/\/hestanbul.com\/fr\/wp-json\/wp\/v2\/pages\/7230\/revisions"}],"predecessor-version":[{"id":7243,"href":"http:\/\/hestanbul.com\/fr\/wp-json\/wp\/v2\/pages\/7230\/revisions\/7243"}],"wp:attachment":[{"href":"http:\/\/hestanbul.com\/fr\/wp-json\/wp\/v2\/media?parent=7230"}],"curies":[{"name":"wp","href":"https:\/\/api.w.org\/{rel}","templated":true}]}}