{"id":2307,"date":"2019-09-10T08:39:11","date_gmt":"2019-09-10T08:39:11","guid":{"rendered":"http:\/\/hestanbul.com\/?page_id=2307"},"modified":"2019-09-29T23:25:50","modified_gmt":"2019-09-29T23:25:50","slug":"greffe-de-sourcil","status":"publish","type":"page","link":"https:\/\/hestanbul.com\/fr\/greffe-de-cheveux-en-turquie\/greffe-de-sourcil\/","title":{"rendered":"Greffe de Sourcil"},"content":{"rendered":"<section id=\"bt_section6a05ad61e1676\"  class=\"boldSection gutter\" ><div class=\"port\"><div class=\"boldCell\"><div class=\"boldCellInner\"><div class=\"boldRow  \" ><div class=\"boldRowInner\"><div class=\"rowItem col-md-12 col-ms-12  btTextLeft\"  ><div class=\"rowItemContent\" ><div class=\"btClear btSeparator topSemiSpaced noBorder\" ><hr><\/div><div class=\"btText\" ><\/p>\n<section class=\"container\">\n<article class=\"page-content col-xs-12 col-md-9\">\n<article class=\"about-us-content tab-content\">\n<div class=\"tab-content\">\n<div id=\"tab-1\" class=\"tab-pane active\" role=\"tabpanel\">\n<p>Les sourcils apportent une contribution importante \u00e0 la sym\u00e9trie faciale et \u00e0 notre pr\u00e9sentation aux autres. Une personne sans sourcils peut se sentir tr\u00e8s consciente de son apparence.<\/p>\n<p>Une greffe de sourcil peut souvent aider \u00e0 redonner aux sourcils une apparence naturelle et compl\u00e8te. Cela peut aider les personnes peu confiantes ou qui se pr\u00e9occupent de l\u2019\u00e9tat de leurs sourcils.<\/p>\n<p>Nous avons effectu\u00e9 des greffes de sourcils sur de nombreux patients, \u00e0 des fins m\u00e9dicales et esth\u00e9tiques. Certains patients avaient perdu leurs sourcils \u00e0 cause de probl\u00e8mes de sant\u00e9 ou par suite d&#8217;une cueillette excessive. d&#8217;autres sont n\u00e9s avec les sourcils minces et ont besoin d&#8217;un sourcil beaucoup plus plein pour des raisons esth\u00e9tiques.<\/p>\n<div class=\"clear\"><\/div>\n<div class=\"row\">\n<div class=\"col-xs-6 col-sm-3\"><img decoding=\"async\" loading=\"lazy\" class=\"alignnone size-medium wp-image-1537\" src=\"http:\/\/hestanbul.com\/wp-content\/uploads\/2019\/09\/eyebrow2-320x316.png\" alt=\"\" width=\"320\" height=\"316\" srcset=\"https:\/\/hestanbul.com\/wp-content\/uploads\/2019\/09\/eyebrow2-320x316.png 320w, https:\/\/hestanbul.com\/wp-content\/uploads\/2019\/09\/eyebrow2.png 340w\" sizes=\"(max-width: 320px) 100vw, 320px\" \/><\/div>\n<div class=\"col-xs-6 col-sm-3\"><img decoding=\"async\" loading=\"lazy\" class=\"alignnone size-medium wp-image-1535\" src=\"http:\/\/hestanbul.com\/wp-content\/uploads\/2019\/09\/eyebrow4-320x316.png\" alt=\"\" width=\"320\" height=\"316\" srcset=\"https:\/\/hestanbul.com\/wp-content\/uploads\/2019\/09\/eyebrow4-320x316.png 320w, https:\/\/hestanbul.com\/wp-content\/uploads\/2019\/09\/eyebrow4.png 340w\" sizes=\"(max-width: 320px) 100vw, 320px\" \/><\/div>\n<div class=\"col-xs-6 col-sm-3\"><img decoding=\"async\" loading=\"lazy\" class=\"alignnone size-medium wp-image-1537\" src=\"http:\/\/hestanbul.com\/wp-content\/uploads\/2019\/09\/eyebrow2-320x316.png\" alt=\"\" width=\"320\" height=\"316\" srcset=\"https:\/\/hestanbul.com\/wp-content\/uploads\/2019\/09\/eyebrow2-320x316.png 320w, https:\/\/hestanbul.com\/wp-content\/uploads\/2019\/09\/eyebrow2.png 340w\" sizes=\"(max-width: 320px) 100vw, 320px\" \/><\/div>\n<div class=\"col-xs-6 col-sm-3\">\n<p><img decoding=\"async\" loading=\"lazy\" class=\"alignnone size-medium wp-image-1538\" src=\"http:\/\/hestanbul.com\/wp-content\/uploads\/2019\/09\/eyebrow3-320x316.png\" alt=\"\" width=\"320\" height=\"316\" srcset=\"https:\/\/hestanbul.com\/wp-content\/uploads\/2019\/09\/eyebrow3-320x316.png 320w, https:\/\/hestanbul.com\/wp-content\/uploads\/2019\/09\/eyebrow3.png 340w\" sizes=\"(max-width: 320px) 100vw, 320px\" \/><\/p>\n<\/div>\n<\/div>\n<h2 id='pourquoi-une-greffe-de-sourcil'  id=\"boomdevs_1\">Pourquoi une greffe de sourcil?<\/h2>\n<p>Vous pouvez envisager de subir une greffe de sourcil pour de nombreuses raisons. Celles-ci peuvent aller de conditions m\u00e9dicales ant\u00e9rieures ou actuelles ou pour des raisons esth\u00e9tiques, afin de renforcer la confiance en soi.<\/p>\n<p>Certaines des raisons pour lesquelles nos patients choisissent de subir une greffe de sourcil sont les suivantes:<\/p>\n<ul class=\"grey-ticks clearfix\">\n<li>Traumatisme physique: Blessure au visage et cicatrices r\u00e9sultant d&#8217;\u00e9v\u00e9nements tels que des accidents de la route, des accidents du travail, des br\u00fblures thermiques et chimiques.<\/li>\n<li>Traitements m\u00e9dicaux et chirurgicaux: traitement chirurgical d&#8217;une l\u00e9sion ou d&#8217;une tumeur entra\u00eenant le retrait des follicules des sourcils et la cicatrisation des tissus. La radioth\u00e9rapie ou la chimioth\u00e9rapie pour le cancer peut \u00e9galement entra\u00eener une perte des poils des sourcils.<\/li>\n<li>Cueillette compulsive de sourcils et autres poils, appel\u00e9e trichotillomanie.<\/li>\n<li>L&#8217;absence de poils sur toutes les parties du corps en tant que condition cong\u00e9nitale peut \u00e9galement \u00eatre une raison de consid\u00e9rer la greffe des sourcils.<\/li>\n<li>La grande majorit\u00e9 de nos patients sont n\u00e9s avec des sourcils naturellement minces ou ont subi des l\u00e9sions permanentes dans leur r\u00e9gime de beaut\u00e9, le plus souvent par plumage excessif pour obtenir des sourcils minces comme un crayon, tr\u00e8s en vogue dans les ann\u00e9es 1980.<\/li>\n<\/ul>\n<h2 id='greffe-de-sourcils'  id=\"boomdevs_2\">Greffe de sourcils<\/h2>\n<p>La greffe de sourcils par extraction folliculaire (FUE) gagne en popularit\u00e9, alors que les femmes et m\u00eame certains hommes recherchent des moyens de restaurer ou d\u2019\u00e9tablir de fa\u00e7on permanente les cheveux de sourcils. Le processus implique g\u00e9n\u00e9ralement de retirer des greffons de la zone donneuse et les greffer dans la zone du sourcil.<\/p>\n<p>Les greffes sont ensuite implant\u00e9es une \u00e0 une dans le sourcil. La proc\u00e9dure implique g\u00e9n\u00e9ralement 400 greffes transplant\u00e9es dans chaque front &#8211; environ 600 \u00e0 800 au total. l&#8217;op\u00e9ration prend habituellement environ 3-4 heures.<\/p>\n<p>La greffe de sourcil est r\u00e9alis\u00e9e sous anesth\u00e9sie locale et de nombreux patients sont si \u00e0 l&#8217;aise qu&#8217;ils peuvent s&#8217;endormir pendant l&#8217;implantation des greffes. Les r\u00e9sultats sont permanents et naturels.<\/p>\n<h2 id='after-care'  id=\"boomdevs_3\">After-care<\/h2>\n<p>La zone des sourcils sera un peu d\u00e9licate pendant quelques jours apr\u00e8s la proc\u00e9dure, avant de revenir rapidement \u00e0 la normale. Il faut environ six mois pour s\u2019\u00e9tablir pleinement et \u00eatre vus \u00e0 leur meilleur.<\/p>\n<\/div>\n<\/div>\n<\/article>\n<\/article>\n<\/section>\n<footer id=\"cc-footer\">\n<div class=\"main-footer container\">\n<div class=\"row\">\n<div class=\"col-xs-12\">\n<div class=\"cc-awards\">\n<div class=\"awards-title\"><\/div>\n<\/div>\n<\/div>\n<\/div>\n<\/div>\n<\/footer>\n<p>\n<\/div><div class=\"btClear btSeparator bottomSemiSpaced noBorder\" ><hr><\/div><\/div><\/div><\/div><\/div><\/div><\/div><\/div><\/section>\n","protected":false},"excerpt":{"rendered":"","protected":false},"author":1,"featured_media":2313,"parent":2272,"menu_order":0,"comment_status":"closed","ping_status":"closed","template":"","meta":{"_joinchat":[]},"yoast_head":"<!-- This site is optimized with the Yoast SEO plugin v20.5 - https:\/\/yoast.com\/wordpress\/plugins\/seo\/ -->\n<title>Greffe de Sourcil - Hestanbul<\/title>\n<meta name=\"robots\" content=\"index, follow, max-snippet:-1, max-image-preview:large, max-video-preview:-1\" \/>\n<link rel=\"canonical\" href=\"https:\/\/hestanbul.com\/fr\/greffe-de-cheveux-en-turquie\/greffe-de-sourcil\/\" \/>\n<meta property=\"og:locale\" content=\"fr_FR\" \/>\n<meta property=\"og:type\" content=\"article\" \/>\n<meta property=\"og:title\" content=\"Greffe de Sourcil - Hestanbul\" \/>\n<meta property=\"og:url\" content=\"https:\/\/hestanbul.com\/fr\/greffe-de-cheveux-en-turquie\/greffe-de-sourcil\/\" \/>\n<meta property=\"og:site_name\" content=\"Hestanbul\" \/>\n<meta property=\"article:modified_time\" content=\"2019-09-29T23:25:50+00:00\" \/>\n<meta property=\"og:image\" content=\"https:\/\/hestanbul.com\/wp-content\/uploads\/2019\/09\/shutterstock-1121610650.png\" \/>\n\t<meta property=\"og:image:width\" content=\"1000\" \/>\n\t<meta property=\"og:image:height\" content=\"200\" \/>\n\t<meta property=\"og:image:type\" content=\"image\/png\" \/>\n<meta name=\"twitter:card\" content=\"summary_large_image\" \/>\n<meta name=\"twitter:label1\" content=\"Dur\u00e9e de lecture estim\u00e9e\" \/>\n\t<meta name=\"twitter:data1\" content=\"3 minutes\" \/>\n<script type=\"application\/ld+json\" class=\"yoast-schema-graph\">{\"@context\":\"https:\/\/schema.org\",\"@graph\":[{\"@type\":\"WebPage\",\"@id\":\"https:\/\/hestanbul.com\/fr\/greffe-de-cheveux-en-turquie\/greffe-de-sourcil\/\",\"url\":\"https:\/\/hestanbul.com\/fr\/greffe-de-cheveux-en-turquie\/greffe-de-sourcil\/\",\"name\":\"Greffe de Sourcil - Hestanbul\",\"isPartOf\":{\"@id\":\"https:\/\/hestanbul.com\/#website\"},\"datePublished\":\"2019-09-10T08:39:11+00:00\",\"dateModified\":\"2019-09-29T23:25:50+00:00\",\"breadcrumb\":{\"@id\":\"https:\/\/hestanbul.com\/fr\/greffe-de-cheveux-en-turquie\/greffe-de-sourcil\/#breadcrumb\"},\"inLanguage\":\"fr-FR\",\"potentialAction\":[{\"@type\":\"ReadAction\",\"target\":[\"https:\/\/hestanbul.com\/fr\/greffe-de-cheveux-en-turquie\/greffe-de-sourcil\/\"]}]},{\"@type\":\"BreadcrumbList\",\"@id\":\"https:\/\/hestanbul.com\/fr\/greffe-de-cheveux-en-turquie\/greffe-de-sourcil\/#breadcrumb\",\"itemListElement\":[{\"@type\":\"ListItem\",\"position\":1,\"name\":\"Home\",\"item\":\"http:\/\/hestanbul.com\/fr\/\"},{\"@type\":\"ListItem\",\"position\":2,\"name\":\"Greffe de cheveux en Turquie\",\"item\":\"http:\/\/hestanbul.com\/fr\/greffe-de-cheveux-en-turquie\/\"},{\"@type\":\"ListItem\",\"position\":3,\"name\":\"Greffe de Sourcil\"}]},{\"@type\":\"WebSite\",\"@id\":\"https:\/\/hestanbul.com\/#website\",\"url\":\"https:\/\/hestanbul.com\/\",\"name\":\"Hestanbul\",\"description\":\"Health &amp; Medical Services\",\"potentialAction\":[{\"@type\":\"SearchAction\",\"target\":{\"@type\":\"EntryPoint\",\"urlTemplate\":\"https:\/\/hestanbul.com\/?s={search_term_string}\"},\"query-input\":\"required name=search_term_string\"}],\"inLanguage\":\"fr-FR\"}]}<\/script>\n<!-- \/ Yoast SEO plugin. -->","yoast_head_json":{"title":"Greffe de Sourcil - Hestanbul","robots":{"index":"index","follow":"follow","max-snippet":"max-snippet:-1","max-image-preview":"max-image-preview:large","max-video-preview":"max-video-preview:-1"},"canonical":"https:\/\/hestanbul.com\/fr\/greffe-de-cheveux-en-turquie\/greffe-de-sourcil\/","og_locale":"fr_FR","og_type":"article","og_title":"Greffe de Sourcil - Hestanbul","og_url":"https:\/\/hestanbul.com\/fr\/greffe-de-cheveux-en-turquie\/greffe-de-sourcil\/","og_site_name":"Hestanbul","article_modified_time":"2019-09-29T23:25:50+00:00","og_image":[{"width":1000,"height":200,"url":"https:\/\/hestanbul.com\/wp-content\/uploads\/2019\/09\/shutterstock-1121610650.png","type":"image\/png"}],"twitter_card":"summary_large_image","twitter_misc":{"Dur\u00e9e de lecture estim\u00e9e":"3 minutes"},"schema":{"@context":"https:\/\/schema.org","@graph":[{"@type":"WebPage","@id":"https:\/\/hestanbul.com\/fr\/greffe-de-cheveux-en-turquie\/greffe-de-sourcil\/","url":"https:\/\/hestanbul.com\/fr\/greffe-de-cheveux-en-turquie\/greffe-de-sourcil\/","name":"Greffe de Sourcil - Hestanbul","isPartOf":{"@id":"https:\/\/hestanbul.com\/#website"},"datePublished":"2019-09-10T08:39:11+00:00","dateModified":"2019-09-29T23:25:50+00:00","breadcrumb":{"@id":"https:\/\/hestanbul.com\/fr\/greffe-de-cheveux-en-turquie\/greffe-de-sourcil\/#breadcrumb"},"inLanguage":"fr-FR","potentialAction":[{"@type":"ReadAction","target":["https:\/\/hestanbul.com\/fr\/greffe-de-cheveux-en-turquie\/greffe-de-sourcil\/"]}]},{"@type":"BreadcrumbList","@id":"https:\/\/hestanbul.com\/fr\/greffe-de-cheveux-en-turquie\/greffe-de-sourcil\/#breadcrumb","itemListElement":[{"@type":"ListItem","position":1,"name":"Home","item":"http:\/\/hestanbul.com\/fr\/"},{"@type":"ListItem","position":2,"name":"Greffe de cheveux en Turquie","item":"http:\/\/hestanbul.com\/fr\/greffe-de-cheveux-en-turquie\/"},{"@type":"ListItem","position":3,"name":"Greffe de Sourcil"}]},{"@type":"WebSite","@id":"https:\/\/hestanbul.com\/#website","url":"https:\/\/hestanbul.com\/","name":"Hestanbul","description":"Health &amp; Medical Services","potentialAction":[{"@type":"SearchAction","target":{"@type":"EntryPoint","urlTemplate":"https:\/\/hestanbul.com\/?s={search_term_string}"},"query-input":"required name=search_term_string"}],"inLanguage":"fr-FR"}]}},"_links":{"self":[{"href":"https:\/\/hestanbul.com\/fr\/wp-json\/wp\/v2\/pages\/2307"}],"collection":[{"href":"https:\/\/hestanbul.com\/fr\/wp-json\/wp\/v2\/pages"}],"about":[{"href":"https:\/\/hestanbul.com\/fr\/wp-json\/wp\/v2\/types\/page"}],"author":[{"embeddable":true,"href":"https:\/\/hestanbul.com\/fr\/wp-json\/wp\/v2\/users\/1"}],"replies":[{"embeddable":true,"href":"https:\/\/hestanbul.com\/fr\/wp-json\/wp\/v2\/comments?post=2307"}],"version-history":[{"count":4,"href":"https:\/\/hestanbul.com\/fr\/wp-json\/wp\/v2\/pages\/2307\/revisions"}],"predecessor-version":[{"id":2318,"href":"https:\/\/hestanbul.com\/fr\/wp-json\/wp\/v2\/pages\/2307\/revisions\/2318"}],"up":[{"embeddable":true,"href":"https:\/\/hestanbul.com\/fr\/wp-json\/wp\/v2\/pages\/2272"}],"wp:featuredmedia":[{"embeddable":true,"href":"https:\/\/hestanbul.com\/fr\/wp-json\/wp\/v2\/media\/2313"}],"wp:attachment":[{"href":"https:\/\/hestanbul.com\/fr\/wp-json\/wp\/v2\/media?parent=2307"}],"curies":[{"name":"wp","href":"https:\/\/api.w.org\/{rel}","templated":true}]}}