{"id":2319,"date":"2019-09-10T08:14:37","date_gmt":"2019-09-10T08:14:37","guid":{"rendered":"http:\/\/hestanbul.com\/?page_id=2319"},"modified":"2019-10-01T21:04:50","modified_gmt":"2019-10-01T21:04:50","slug":"greffe-de-cheveux-fue","status":"publish","type":"page","link":"https:\/\/hestanbul.com\/fr\/greffe-de-cheveux-en-turquie\/greffe-de-cheveux-fue\/","title":{"rendered":"Greffe de Cheveux FUE"},"content":{"rendered":"<p><section id=\"bt_section69e39434ada9b\"  class=\"boldSection gutter\" ><div class=\"port\"><div class=\"boldCell\"><div class=\"boldCellInner\"><div class=\"boldRow  \" ><div class=\"boldRowInner\"><div class=\"rowItem col-md-12 col-ms-12  btTextLeft\"  ><div class=\"rowItemContent\" ><div class=\"btClear btSeparator topSmallSpaced noBorder\" ><hr><\/div><\/div><\/div><\/div><\/div><div class=\"boldRow  \" ><div class=\"boldRowInner\"><div class=\"rowItem col-md-12 col-ms-12  btTextLeft\"  ><div class=\"rowItemContent\" ><div class=\"btText\" ><\/p>\n<p><img decoding=\"async\" loading=\"lazy\" class=\"alignright size-medium wp-image-1757\" src=\"http:\/\/hestanbul.com\/wp-content\/uploads\/2019\/09\/104334551_LARGE-320x214.jpg\" alt=\"\" width=\"320\" height=\"214\" srcset=\"https:\/\/hestanbul.com\/wp-content\/uploads\/2019\/09\/104334551_LARGE-320x214.jpg 320w, https:\/\/hestanbul.com\/wp-content\/uploads\/2019\/09\/104334551_LARGE-768x513.jpg 768w, https:\/\/hestanbul.com\/wp-content\/uploads\/2019\/09\/104334551_LARGE-1200x801.jpg 1200w, https:\/\/hestanbul.com\/wp-content\/uploads\/2019\/09\/104334551_LARGE-540x360.jpg 540w\" sizes=\"(max-width: 320px) 100vw, 320px\" \/>L\u2019extraction par unit\u00e9 folliculaire (FUE) est une m\u00e9thode d\u2019extraction des greffons de la zonne donneuse lors d\u2019une proc\u00e9dure de greffe de cheveux. Dans la proc\u00e9dure de greffe de cheveux FUE, un instrument est utilis\u00e9 pour pratiquer une petite incision circulaire dans la peau de la partie chauve.<\/p>\n<p>Ce processus est r\u00e9p\u00e9t\u00e9 jusqu&#8217;\u00e0 ce que le chirurgien greffeur de cheveux ait r\u00e9colt\u00e9 suffisamment des greffons pour la restauration pr\u00e9vue de ses cheveux. Ce processus peut durer une heure ou plus.<\/p>\n<p>Avant que les greffes ne soient r\u00e9colt\u00e9es, de minuscules incisions sont cr\u00e9\u00e9s dans la r\u00e9gion chauve du cuir chevelu \u00e0 l&#8217;aide d&#8217;un instrument \u00e0 aiguille fine. Ils sont ensuite plac\u00e9es dans les incisions o\u00f9 elles deviendront des follicules en bonne sant\u00e9 produisant des cheveux.<\/p>\n<h3 id='\u00e9tapes-de-la-m\u00e9thode-fue'  id=\"boomdevs_1\">\u00c9tapes de la m\u00e9thode FUE<\/h3>\n<p>1. raser la zone donneuse:<br \/>\nApr\u00e8s avoir effectu\u00e9 les tests pertinents sur le patient (analyses de sang, allergies, intol\u00e9rances, etc.) et au moment de l\u2019intervention, le cuir chevelu de la zone donneuse est ras\u00e9.<\/p>\n<p><strong>2. l\u2019anesth\u00e9sie:<br \/>\n<\/strong>Comme toute intervention chirurgicale, la greffe de cheveux n\u00e9cessite un puissant anesth\u00e9sique local afin de rendre l\u2019extraction et le greffage des cheveux indolores pour le patient. Le patient sera consient tout au long de l&#8217;op\u00e9ration.<\/p>\n<p><strong>3. l\u2019extraction des greffons:<br \/>\n<\/strong>Une fois que le patient est pr\u00eat et que la zone donneuse est pr\u00eate, la proc\u00e9dure peut commencer. A l\u2019aide au micro FUE motor, le sp\u00e9cialiste des cheveux commence \u00e0 extraire un \u00e0 un les greffons qui seront ensuite transplant\u00e9s dans la zone chauve. Chaque follicule pileux peut avoir entre 1 et 4 cheveux, avec ce qu\u2019ils ont l\u2019habitude d\u2019\u00eatre choisis ceux avec plus de poils de sorte que la densit\u00e9 est plus grande. La micro-aiguille perce la peau autour du follicule \u00e0 seulement un ou deux millim\u00e8tres de la surface et ensuite, avec une pince tr\u00e8s fine, l\u2019ampoule est extraite avec les cheveux \u00e0 l\u2019int\u00e9rieur.<\/p>\n<p><strong>4. implantation capillaire<\/strong><br \/>\nCette \u00e9tape est la plus pr\u00e9cise et la plus stricte de l\u2019intervention. C\u2019est le moment o\u00f9 les follicules extraits seront implant\u00e9s dans le cuir chevelu une fois trait\u00e9s et choisis par le chirurgien. Pour cela, chaque follicule est tenu par le haut par des instruments de micro-chirurgie appel\u00e9s implanteurs ou implanteurs. L\u2019implant p\u00e9n\u00e8tre dans la peau en pratiquant une incision minimale dans la zone sans poils et lib\u00e8re l\u2019ampoule \u00e0 un millim\u00e8tre sous la surface, dans la couche intradermique. Ce processus peut durer \u00e0 peu pr\u00e8s le m\u00eame que celui de l\u2019extraction, dans la mesure o\u00f9 il y a le m\u00eame nombre de greffons \u00e0 implanter que celui extraits.<\/p>\n<p><span style=\"font-size: 21px; font-weight: bold;\">Aftercare:<\/span><\/p>\n<div id=\"tm-heading-5d89f3b8afdd0\" class=\"tm-heading with-separator-2 left\">\n<p class=\"heading\">Chez Hestanbul, nous fournissons \u00e0 chaque patient un kit m\u00e9dical comprenant des informations sur la mani\u00e8re de g\u00e9rer les cheveux transplant\u00e9s pour obtenir des r\u00e9sultats optimaux et \u00e9viter les complication. En plus de cela, nos kits de post-traitement incluent les produits n\u00e9cessaires telles que shampooings, cr\u00e8mes, s\u00e9rums antibact\u00e9riens et antidouleurs; con\u00e7u exclusivement pour \u00eatre doux sur le cuir chevelu et les cheuveux greff\u00e9s apr\u00e8s une FUE et pour raccourcir le temps de gu\u00e9rison.<\/p>\n<\/div>\n<p>\n<\/div><\/div><\/div><\/div><\/div><div class=\"boldRow  \" ><div class=\"boldRowInner\"><div class=\"rowItem col-md-12 col-ms-12  btTextLeft\"  ><div class=\"rowItemContent\" ><div class=\"btClear btSeparator topSmallSpaced noBorder\" ><hr><\/div><\/div><\/div><\/div><\/div><\/div><\/div><\/div><\/section><section id=\"bt_section69e39434ae064\"  class=\"boldSection gutter\" ><div class=\"port\"><div class=\"boldCell\"><div class=\"boldCellInner\"><div class=\"boldRow  \" ><div class=\"boldRowInner\"><div class=\"rowItem col-md-12 col-ms-12  btTextLeft\"  ><div class=\"rowItemContent\" ><div class=\"btClear btSeparator topSmallSpaced noBorder\" ><hr><\/div><\/div><\/div><\/div><\/div><\/div><\/div><\/div><\/section><\/p>\n","protected":false},"excerpt":{"rendered":"","protected":false},"author":1,"featured_media":2197,"parent":2272,"menu_order":0,"comment_status":"closed","ping_status":"closed","template":"","meta":{"_joinchat":[]},"yoast_head":"<!-- This site is optimized with the Yoast SEO plugin v20.5 - https:\/\/yoast.com\/wordpress\/plugins\/seo\/ -->\n<title>Greffe de Cheveux FUE - Hestanbul<\/title>\n<meta name=\"robots\" content=\"index, follow, max-snippet:-1, max-image-preview:large, max-video-preview:-1\" \/>\n<link rel=\"canonical\" href=\"http:\/\/hestanbul.com\/fr\/greffe-de-cheveux-en-turquie\/greffe-de-cheveux-fue\/\" \/>\n<meta property=\"og:locale\" content=\"fr_FR\" \/>\n<meta property=\"og:type\" content=\"article\" \/>\n<meta property=\"og:title\" content=\"Greffe de Cheveux FUE - Hestanbul\" \/>\n<meta property=\"og:url\" content=\"http:\/\/hestanbul.com\/fr\/greffe-de-cheveux-en-turquie\/greffe-de-cheveux-fue\/\" \/>\n<meta property=\"og:site_name\" content=\"Hestanbul\" \/>\n<meta property=\"article:modified_time\" content=\"2019-10-01T21:04:50+00:00\" \/>\n<meta property=\"og:image\" content=\"http:\/\/hestanbul.com\/wp-content\/uploads\/2019\/09\/shutterstock-685975141-1.png\" \/>\n\t<meta property=\"og:image:width\" content=\"1000\" \/>\n\t<meta property=\"og:image:height\" content=\"717\" \/>\n\t<meta property=\"og:image:type\" content=\"image\/png\" \/>\n<meta name=\"twitter:card\" content=\"summary_large_image\" \/>\n<meta name=\"twitter:label1\" content=\"Dur\u00e9e de lecture estim\u00e9e\" \/>\n\t<meta name=\"twitter:data1\" content=\"3 minutes\" \/>\n<script type=\"application\/ld+json\" class=\"yoast-schema-graph\">{\"@context\":\"https:\/\/schema.org\",\"@graph\":[{\"@type\":\"WebPage\",\"@id\":\"http:\/\/hestanbul.com\/fr\/greffe-de-cheveux-en-turquie\/greffe-de-cheveux-fue\/\",\"url\":\"http:\/\/hestanbul.com\/fr\/greffe-de-cheveux-en-turquie\/greffe-de-cheveux-fue\/\",\"name\":\"Greffe de Cheveux FUE - Hestanbul\",\"isPartOf\":{\"@id\":\"https:\/\/hestanbul.com\/#website\"},\"datePublished\":\"2019-09-10T08:14:37+00:00\",\"dateModified\":\"2019-10-01T21:04:50+00:00\",\"breadcrumb\":{\"@id\":\"http:\/\/hestanbul.com\/fr\/greffe-de-cheveux-en-turquie\/greffe-de-cheveux-fue\/#breadcrumb\"},\"inLanguage\":\"fr-FR\",\"potentialAction\":[{\"@type\":\"ReadAction\",\"target\":[\"http:\/\/hestanbul.com\/fr\/greffe-de-cheveux-en-turquie\/greffe-de-cheveux-fue\/\"]}]},{\"@type\":\"BreadcrumbList\",\"@id\":\"http:\/\/hestanbul.com\/fr\/greffe-de-cheveux-en-turquie\/greffe-de-cheveux-fue\/#breadcrumb\",\"itemListElement\":[{\"@type\":\"ListItem\",\"position\":1,\"name\":\"Home\",\"item\":\"http:\/\/hestanbul.com\/fr\/\"},{\"@type\":\"ListItem\",\"position\":2,\"name\":\"Greffe de cheveux en Turquie\",\"item\":\"http:\/\/hestanbul.com\/fr\/greffe-de-cheveux-en-turquie\/\"},{\"@type\":\"ListItem\",\"position\":3,\"name\":\"Greffe de Cheveux FUE\"}]},{\"@type\":\"WebSite\",\"@id\":\"https:\/\/hestanbul.com\/#website\",\"url\":\"https:\/\/hestanbul.com\/\",\"name\":\"Hestanbul\",\"description\":\"Health &amp; Medical Services\",\"potentialAction\":[{\"@type\":\"SearchAction\",\"target\":{\"@type\":\"EntryPoint\",\"urlTemplate\":\"https:\/\/hestanbul.com\/?s={search_term_string}\"},\"query-input\":\"required name=search_term_string\"}],\"inLanguage\":\"fr-FR\"}]}<\/script>\n<!-- \/ Yoast SEO plugin. -->","yoast_head_json":{"title":"Greffe de Cheveux FUE - Hestanbul","robots":{"index":"index","follow":"follow","max-snippet":"max-snippet:-1","max-image-preview":"max-image-preview:large","max-video-preview":"max-video-preview:-1"},"canonical":"http:\/\/hestanbul.com\/fr\/greffe-de-cheveux-en-turquie\/greffe-de-cheveux-fue\/","og_locale":"fr_FR","og_type":"article","og_title":"Greffe de Cheveux FUE - Hestanbul","og_url":"http:\/\/hestanbul.com\/fr\/greffe-de-cheveux-en-turquie\/greffe-de-cheveux-fue\/","og_site_name":"Hestanbul","article_modified_time":"2019-10-01T21:04:50+00:00","og_image":[{"width":1000,"height":717,"url":"http:\/\/hestanbul.com\/wp-content\/uploads\/2019\/09\/shutterstock-685975141-1.png","type":"image\/png"}],"twitter_card":"summary_large_image","twitter_misc":{"Dur\u00e9e de lecture estim\u00e9e":"3 minutes"},"schema":{"@context":"https:\/\/schema.org","@graph":[{"@type":"WebPage","@id":"http:\/\/hestanbul.com\/fr\/greffe-de-cheveux-en-turquie\/greffe-de-cheveux-fue\/","url":"http:\/\/hestanbul.com\/fr\/greffe-de-cheveux-en-turquie\/greffe-de-cheveux-fue\/","name":"Greffe de Cheveux FUE - Hestanbul","isPartOf":{"@id":"https:\/\/hestanbul.com\/#website"},"datePublished":"2019-09-10T08:14:37+00:00","dateModified":"2019-10-01T21:04:50+00:00","breadcrumb":{"@id":"http:\/\/hestanbul.com\/fr\/greffe-de-cheveux-en-turquie\/greffe-de-cheveux-fue\/#breadcrumb"},"inLanguage":"fr-FR","potentialAction":[{"@type":"ReadAction","target":["http:\/\/hestanbul.com\/fr\/greffe-de-cheveux-en-turquie\/greffe-de-cheveux-fue\/"]}]},{"@type":"BreadcrumbList","@id":"http:\/\/hestanbul.com\/fr\/greffe-de-cheveux-en-turquie\/greffe-de-cheveux-fue\/#breadcrumb","itemListElement":[{"@type":"ListItem","position":1,"name":"Home","item":"http:\/\/hestanbul.com\/fr\/"},{"@type":"ListItem","position":2,"name":"Greffe de cheveux en Turquie","item":"http:\/\/hestanbul.com\/fr\/greffe-de-cheveux-en-turquie\/"},{"@type":"ListItem","position":3,"name":"Greffe de Cheveux FUE"}]},{"@type":"WebSite","@id":"https:\/\/hestanbul.com\/#website","url":"https:\/\/hestanbul.com\/","name":"Hestanbul","description":"Health &amp; Medical Services","potentialAction":[{"@type":"SearchAction","target":{"@type":"EntryPoint","urlTemplate":"https:\/\/hestanbul.com\/?s={search_term_string}"},"query-input":"required name=search_term_string"}],"inLanguage":"fr-FR"}]}},"_links":{"self":[{"href":"https:\/\/hestanbul.com\/fr\/wp-json\/wp\/v2\/pages\/2319"}],"collection":[{"href":"https:\/\/hestanbul.com\/fr\/wp-json\/wp\/v2\/pages"}],"about":[{"href":"https:\/\/hestanbul.com\/fr\/wp-json\/wp\/v2\/types\/page"}],"author":[{"embeddable":true,"href":"https:\/\/hestanbul.com\/fr\/wp-json\/wp\/v2\/users\/1"}],"replies":[{"embeddable":true,"href":"https:\/\/hestanbul.com\/fr\/wp-json\/wp\/v2\/comments?post=2319"}],"version-history":[{"count":4,"href":"https:\/\/hestanbul.com\/fr\/wp-json\/wp\/v2\/pages\/2319\/revisions"}],"predecessor-version":[{"id":2327,"href":"https:\/\/hestanbul.com\/fr\/wp-json\/wp\/v2\/pages\/2319\/revisions\/2327"}],"up":[{"embeddable":true,"href":"https:\/\/hestanbul.com\/fr\/wp-json\/wp\/v2\/pages\/2272"}],"wp:featuredmedia":[{"embeddable":true,"href":"https:\/\/hestanbul.com\/fr\/wp-json\/wp\/v2\/media\/2197"}],"wp:attachment":[{"href":"https:\/\/hestanbul.com\/fr\/wp-json\/wp\/v2\/media?parent=2319"}],"curies":[{"name":"wp","href":"https:\/\/api.w.org\/{rel}","templated":true}]}}