{"id":3476,"date":"2019-09-10T08:42:57","date_gmt":"2019-09-10T08:42:57","guid":{"rendered":"http:\/\/hestanbul.com\/botox\/"},"modified":"2020-01-08T11:51:00","modified_gmt":"2020-01-08T11:51:00","slug":"botox","status":"publish","type":"page","link":"https:\/\/hestanbul.com\/it\/plastic-surgeries\/botox\/","title":{"rendered":"Botox"},"content":{"rendered":"<section id=\"bt_section69e394050151b\"  class=\"boldSection gutter\" ><div class=\"port\"><div class=\"boldCell\"><div class=\"boldCellInner\"><div class=\"boldRow  \" ><div class=\"boldRowInner\"><div class=\"rowItem col-md-12 col-ms-12  btTextLeft\"  ><div class=\"rowItemContent\" ><div class=\"btClear btSeparator topSmallSpaced noBorder\" ><hr><\/div><\/div><\/div><\/div><\/div><div class=\"boldRow  \" ><div class=\"boldRowInner\"><div class=\"rowItem col-md-12 col-ms-12  btTextLeft\"  ><div class=\"rowItemContent\" ><div class=\"btText\" ><\/p>\n<h3 id='che-cos-\u00e8-botox\u00ae'  id=\"boomdevs_1\" class=\"pad-top\"><img decoding=\"async\" loading=\"lazy\" class=\"alignright size-medium wp-image-1747\" src=\"http:\/\/hestanbul.com\/wp-content\/uploads\/2019\/09\/Injectables-pic-320x164.png\" alt=\"\" width=\"320\" height=\"164\" srcset=\"https:\/\/hestanbul.com\/wp-content\/uploads\/2019\/09\/Injectables-pic-320x164.png 320w, https:\/\/hestanbul.com\/wp-content\/uploads\/2019\/09\/Injectables-pic-768x393.png 768w, https:\/\/hestanbul.com\/wp-content\/uploads\/2019\/09\/Injectables-pic-1200x614.png 1200w, https:\/\/hestanbul.com\/wp-content\/uploads\/2019\/09\/Injectables-pic-540x276.png 540w, https:\/\/hestanbul.com\/wp-content\/uploads\/2019\/09\/Injectables-pic.png 1500w\" sizes=\"(max-width: 320px) 100vw, 320px\" \/><strong>CHE COS&#8217;\u00c8 BOTOX\u00ae?<\/strong><\/h3>\n<p><span style=\"font-weight: 400;\">BOTOX\u00ae \u00e8 il marchio di un farmaco che contiene una proteina altamente purificata della tossina botulinica prodotta dal batterio \u201cclostridium botulinum\u201d. BOTOX\u00ae \u00e8 usato nel campo estetico per rimuovere le rughe e le pieghe facciali. BOTOX\u00ae \u00e8 anche usato in campo medico per trattare alcuni disturbi muscolari bloccando temporaneamente i segnali dai nervi ai muscoli.<\/span><span style=\"font-weight: 400;\"><br \/>\n<\/span><\/p>\n<h3 id='cos-\u00e8-botox\u00ae-cosmetic'  id=\"boomdevs_2\"><strong>COS&#8217;\u00c8 BOTOX\u00ae COSMETIC?<\/strong><\/h3>\n<p><span style=\"font-weight: 400;\">BOTOX\u00ae Cosmetic \u00e8 un Medicinale soggetto a prescrizione medica e uno dei trattamenti medici estetici pi\u00f9 studiati per migliorare temporaneamente l&#8217;aspetto di:<\/span><\/p>\n<div class=\"col-md-5 col-md-offset-1\">\n<ul>\n<li><span style=\"font-weight: 400;\">Rughe Sulla Fronte<\/span><\/li>\n<li><span style=\"font-weight: 400;\">Intorno agli occhi<\/span><\/li>\n<li><span style=\"font-weight: 400;\">Sotto gli occhi<\/span><\/li>\n<li><span style=\"font-weight: 400;\">Zampe di gallina<\/span><\/li>\n<li><span style=\"font-weight: 400;\">Rughe del coniglio<\/span><\/li>\n<li><span style=\"font-weight: 400;\">Sollevamento sopracciglia<\/span><\/li>\n<li><span style=\"font-weight: 400;\">Rughe di espressione<\/span><\/li>\n<li><span style=\"font-weight: 400;\">Sorriso gengivale<\/span><\/li>\n<li><span style=\"font-weight: 400;\">Bocca all&#8217;ingi\u00f9<\/span><\/li>\n<li><span style=\"font-weight: 400;\">Rughe intorno alle labbra<\/span><\/li>\n<\/ul>\n<\/div>\n<div class=\"col-md-6\">\n<ul>\n<li><span style=\"font-weight: 400;\">Rughe Del Labbro Superiore<\/span><\/li>\n<li><span style=\"font-weight: 400;\">Labbra Cadenti<\/span><\/li>\n<li><span style=\"font-weight: 400;\">Rughe Inferiori Del Labbro<\/span><\/li>\n<li><span style=\"font-weight: 400;\">Mento infossato<\/span><\/li>\n<li><span style=\"font-weight: 400;\">Linee Della Mandibola<\/span><\/li>\n<li><span style=\"font-weight: 400;\">Fasce Del Collo<\/span><\/li>\n<li><span style=\"font-weight: 400;\">Mani Sudate<\/span><\/li>\n<li><span style=\"font-weight: 400;\">Piedi Sudati<\/span><\/li>\n<\/ul>\n<\/div>\n<h3 id='come-agisce-botox\u00ae'  id=\"boomdevs_3\"><strong>COME AGISCE BOTOX\u00ae?<\/strong><\/h3>\n<p><span style=\"font-weight: 400;\">L&#8217;effetto del trattamento BOTOX\u00ae si traduce in una riduzione della contrazione muscolare anormale che consente ai muscoli di diventare meno rigidi. Di conseguenza, quando BOTOX\u00ae viene iniettato in un muscolo specifico, le rughe ad esso associate vengono rimosse paralizzando temporaneamente il muscolo, riducendo la sua attivit\u00e0 e rilassandolo. Tuttavia BOTOX\u00ae Cosmetic \u00e8 un trattamento di tecnica-sensibile. Quando si \u00e8 trattati da qualcuno che \u00e8 autorizzato ed addestrato, si dovrebbe mantenere la capacit\u00e0 di mostrare le espressione del volto dopo il trattamento.<\/span><span style=\"font-weight: 400;\"><br \/>\n<\/span><\/p>\n<p><span style=\"font-weight: 400;\">Nota: i risultati possono variare da persona a persona.<\/span><span style=\"font-weight: 400;\"><br \/>\n<\/span><\/p>\n<h3 id='come-viene-eseguita-la-procedura-botox\u00ae'  id=\"boomdevs_4\"><strong>COME VIENE ESEGUITA LA PROCEDURA BOTOX\u00ae?<\/strong><\/h3>\n<p><span style=\"font-weight: 400;\">Un ago piccolo e sottile viene usato per iniettare BOTOX\u00ae direttamente nel tessuto neuromuscolare. La procedura causa solo un leggero e temporaneo disagio. Ci vogliono fino a 72 ore perch\u00e9 faccia effetto e si veda una notevole differenza. Pu\u00f2 essere necessario un periodo di tempo compreso tra i cinque giorni ed una settimana per ottenere risultati completi.<\/span><\/p>\n<p>\n<\/div><\/div><\/div><\/div><\/div><div class=\"boldRow  \" ><div class=\"boldRowInner\"><div class=\"rowItem col-md-12 col-ms-12  btTextLeft\"  ><div class=\"rowItemContent\" ><div class=\"btClear btSeparator topSmallSpaced noBorder\" ><hr><\/div><\/div><\/div><\/div><\/div><\/div><\/div><\/div><\/section>\n","protected":false},"excerpt":{"rendered":"","protected":false},"author":1,"featured_media":3478,"parent":3666,"menu_order":0,"comment_status":"closed","ping_status":"closed","template":"","meta":{"_joinchat":[]},"yoast_head":"<!-- This site is optimized with the Yoast SEO plugin v20.5 - https:\/\/yoast.com\/wordpress\/plugins\/seo\/ -->\n<title>Botox | Botulinum Toxin | Plastic Surgery - Hestanbul<\/title>\n<meta name=\"description\" content=\"Botox is the most popular non-surgical cosmetic treatment. But what is Botox? and How is it preform? Learn more about Botox At Hestanbul.\" \/>\n<meta name=\"robots\" content=\"index, follow, max-snippet:-1, max-image-preview:large, max-video-preview:-1\" \/>\n<link rel=\"canonical\" href=\"https:\/\/hestanbul.com\/it\/plastic-surgeries\/botox\/\" \/>\n<meta property=\"og:locale\" content=\"it_IT\" \/>\n<meta property=\"og:type\" content=\"article\" \/>\n<meta property=\"og:title\" content=\"Botox | Botulinum Toxin | Plastic Surgery - Hestanbul\" \/>\n<meta property=\"og:description\" content=\"Botox is the most popular non-surgical cosmetic treatment. But what is Botox? and How is it preform? Learn more about Botox At Hestanbul.\" \/>\n<meta property=\"og:url\" content=\"https:\/\/hestanbul.com\/it\/plastic-surgeries\/botox\/\" \/>\n<meta property=\"og:site_name\" content=\"Hestanbul\" \/>\n<meta property=\"article:modified_time\" content=\"2020-01-08T11:51:00+00:00\" \/>\n<meta property=\"og:image\" content=\"https:\/\/hestanbul.com\/wp-content\/uploads\/2019\/09\/botox-banner.png\" \/>\n\t<meta property=\"og:image:width\" content=\"1929\" \/>\n\t<meta property=\"og:image:height\" content=\"657\" \/>\n\t<meta property=\"og:image:type\" content=\"image\/png\" \/>\n<meta name=\"twitter:card\" content=\"summary_large_image\" \/>\n<meta name=\"twitter:label1\" content=\"Tempo di lettura stimato\" \/>\n\t<meta name=\"twitter:data1\" content=\"2 minuti\" \/>\n<script type=\"application\/ld+json\" class=\"yoast-schema-graph\">{\"@context\":\"https:\/\/schema.org\",\"@graph\":[{\"@type\":\"WebPage\",\"@id\":\"https:\/\/hestanbul.com\/it\/plastic-surgeries\/botox\/\",\"url\":\"https:\/\/hestanbul.com\/it\/plastic-surgeries\/botox\/\",\"name\":\"Botox | Botulinum Toxin | Plastic Surgery - Hestanbul\",\"isPartOf\":{\"@id\":\"https:\/\/hestanbul.com\/#website\"},\"datePublished\":\"2019-09-10T08:42:57+00:00\",\"dateModified\":\"2020-01-08T11:51:00+00:00\",\"description\":\"Botox is the most popular non-surgical cosmetic treatment. But what is Botox? and How is it preform? Learn more about Botox At Hestanbul.\",\"breadcrumb\":{\"@id\":\"https:\/\/hestanbul.com\/it\/plastic-surgeries\/botox\/#breadcrumb\"},\"inLanguage\":\"it-IT\",\"potentialAction\":[{\"@type\":\"ReadAction\",\"target\":[\"https:\/\/hestanbul.com\/it\/plastic-surgeries\/botox\/\"]}]},{\"@type\":\"BreadcrumbList\",\"@id\":\"https:\/\/hestanbul.com\/it\/plastic-surgeries\/botox\/#breadcrumb\",\"itemListElement\":[{\"@type\":\"ListItem\",\"position\":1,\"name\":\"Home\",\"item\":\"http:\/\/hestanbul.com\/it\/\"},{\"@type\":\"ListItem\",\"position\":2,\"name\":\"Chirurgia Plastica\",\"item\":\"https:\/\/hestanbul.com\/it\/plastic-surgeries\/\"},{\"@type\":\"ListItem\",\"position\":3,\"name\":\"Botox\"}]},{\"@type\":\"WebSite\",\"@id\":\"https:\/\/hestanbul.com\/#website\",\"url\":\"https:\/\/hestanbul.com\/\",\"name\":\"Hestanbul\",\"description\":\"Health &amp; Medical Services\",\"potentialAction\":[{\"@type\":\"SearchAction\",\"target\":{\"@type\":\"EntryPoint\",\"urlTemplate\":\"https:\/\/hestanbul.com\/?s={search_term_string}\"},\"query-input\":\"required name=search_term_string\"}],\"inLanguage\":\"it-IT\"}]}<\/script>\n<!-- \/ Yoast SEO plugin. -->","yoast_head_json":{"title":"Botox | Botulinum Toxin | Plastic Surgery - Hestanbul","description":"Botox is the most popular non-surgical cosmetic treatment. But what is Botox? and How is it preform? Learn more about Botox At Hestanbul.","robots":{"index":"index","follow":"follow","max-snippet":"max-snippet:-1","max-image-preview":"max-image-preview:large","max-video-preview":"max-video-preview:-1"},"canonical":"https:\/\/hestanbul.com\/it\/plastic-surgeries\/botox\/","og_locale":"it_IT","og_type":"article","og_title":"Botox | Botulinum Toxin | Plastic Surgery - Hestanbul","og_description":"Botox is the most popular non-surgical cosmetic treatment. But what is Botox? and How is it preform? Learn more about Botox At Hestanbul.","og_url":"https:\/\/hestanbul.com\/it\/plastic-surgeries\/botox\/","og_site_name":"Hestanbul","article_modified_time":"2020-01-08T11:51:00+00:00","og_image":[{"width":1929,"height":657,"url":"https:\/\/hestanbul.com\/wp-content\/uploads\/2019\/09\/botox-banner.png","type":"image\/png"}],"twitter_card":"summary_large_image","twitter_misc":{"Tempo di lettura stimato":"2 minuti"},"schema":{"@context":"https:\/\/schema.org","@graph":[{"@type":"WebPage","@id":"https:\/\/hestanbul.com\/it\/plastic-surgeries\/botox\/","url":"https:\/\/hestanbul.com\/it\/plastic-surgeries\/botox\/","name":"Botox | Botulinum Toxin | Plastic Surgery - Hestanbul","isPartOf":{"@id":"https:\/\/hestanbul.com\/#website"},"datePublished":"2019-09-10T08:42:57+00:00","dateModified":"2020-01-08T11:51:00+00:00","description":"Botox is the most popular non-surgical cosmetic treatment. But what is Botox? and How is it preform? Learn more about Botox At Hestanbul.","breadcrumb":{"@id":"https:\/\/hestanbul.com\/it\/plastic-surgeries\/botox\/#breadcrumb"},"inLanguage":"it-IT","potentialAction":[{"@type":"ReadAction","target":["https:\/\/hestanbul.com\/it\/plastic-surgeries\/botox\/"]}]},{"@type":"BreadcrumbList","@id":"https:\/\/hestanbul.com\/it\/plastic-surgeries\/botox\/#breadcrumb","itemListElement":[{"@type":"ListItem","position":1,"name":"Home","item":"http:\/\/hestanbul.com\/it\/"},{"@type":"ListItem","position":2,"name":"Chirurgia Plastica","item":"https:\/\/hestanbul.com\/it\/plastic-surgeries\/"},{"@type":"ListItem","position":3,"name":"Botox"}]},{"@type":"WebSite","@id":"https:\/\/hestanbul.com\/#website","url":"https:\/\/hestanbul.com\/","name":"Hestanbul","description":"Health &amp; Medical Services","potentialAction":[{"@type":"SearchAction","target":{"@type":"EntryPoint","urlTemplate":"https:\/\/hestanbul.com\/?s={search_term_string}"},"query-input":"required name=search_term_string"}],"inLanguage":"it-IT"}]}},"_links":{"self":[{"href":"https:\/\/hestanbul.com\/it\/wp-json\/wp\/v2\/pages\/3476"}],"collection":[{"href":"https:\/\/hestanbul.com\/it\/wp-json\/wp\/v2\/pages"}],"about":[{"href":"https:\/\/hestanbul.com\/it\/wp-json\/wp\/v2\/types\/page"}],"author":[{"embeddable":true,"href":"https:\/\/hestanbul.com\/it\/wp-json\/wp\/v2\/users\/1"}],"replies":[{"embeddable":true,"href":"https:\/\/hestanbul.com\/it\/wp-json\/wp\/v2\/comments?post=3476"}],"version-history":[{"count":1,"href":"https:\/\/hestanbul.com\/it\/wp-json\/wp\/v2\/pages\/3476\/revisions"}],"predecessor-version":[{"id":3479,"href":"https:\/\/hestanbul.com\/it\/wp-json\/wp\/v2\/pages\/3476\/revisions\/3479"}],"up":[{"embeddable":true,"href":"https:\/\/hestanbul.com\/it\/wp-json\/wp\/v2\/pages\/3666"}],"wp:featuredmedia":[{"embeddable":true,"href":"https:\/\/hestanbul.com\/it\/wp-json\/wp\/v2\/media\/3478"}],"wp:attachment":[{"href":"https:\/\/hestanbul.com\/it\/wp-json\/wp\/v2\/media?parent=3476"}],"curies":[{"name":"wp","href":"https:\/\/api.w.org\/{rel}","templated":true}]}}