{"id":3515,"date":"2015-12-02T09:21:30","date_gmt":"2015-12-02T09:21:30","guid":{"rendered":"http:\/\/hestanbul.com\/faq-hair-transplant\/"},"modified":"2020-01-04T11:47:20","modified_gmt":"2020-01-04T11:47:20","slug":"faq-hair-transplant","status":"publish","type":"page","link":"https:\/\/hestanbul.com\/it\/faq-hair-transplant\/","title":{"rendered":"FAQ- Trapianto di capelli"},"content":{"rendered":"<section id=\"bt_section6a059b3200b14\"  class=\"boldSection topSpaced bottomSpaced gutter inherit\" ><div class=\"port\"><div class=\"boldCell\"><div class=\"boldCellInner\"><div class=\"boldRow  \" ><div class=\"boldRowInner\"><div class=\"rowItem col-md-12 col-ms-12  btTextLeft animate animate-fadein inherit\"  ><div class=\"rowItemContent\" ><header class=\"header btClear large  btNormalDash\" ><div class=\"btSuperTitle\">Queste sono alcune delle domande pi\u00f9 frequenti riguardanti le operazioni di trapianto di capelli, se avete altre domande non esitate a lasciare le vostre informazioni attraverso il modulo.<\/div><\/header><div class=\"btClear btSeparator bottomSmallSpaced border\" ><hr><\/div><div class=\"btTabs tabsVertical \" \" data-open-first=\"\"><ul class=\"tabsHeader\"><li><span>Come Funziona Il Trapianto Di Capelli?<\/span><\/li><li><span>I Capelli avranno un aspetto Naturale?<\/span><\/li><li><span>Quanto ci vuole per un trapianto di capelli?<\/span><\/li><li><span>Le operazioni di trapianto di capelli sono dolorose?<\/span><\/li><li><span>Quanto ci vorrebbe per riprendersi?<\/span><\/li><li><span>Il trapianto di capelli \u00e8 Un&#8217;operazione sicura?<\/span><\/li><li><span>Quando posso tornare al lavoro dopo il trapianto di capelli?<\/span><\/li><\/ul><div class=\"tabPanes accordionPanes\"><div class=\"tabPane\">\n\t\t\t<div class=\"tabAccordionTitle\"><span>Come Funziona Il Trapianto Di Capelli?<\/span><\/div>\n\t\t\t<div class=\"tabAccordionContent\"><\/p>\n<p><span style=\"font-weight: 400;\">Il trapianto di capelli consiste essenzialmente nel trasferire (trapiantare) i follicoli piliferi resistenti dalla parte posteriore della testa alle zone calve nella parte superiore della testa.<\/span><\/p>\n<p>\n<\/div>\n\t\t<\/div><div class=\"tabPane\">\n\t\t\t<div class=\"tabAccordionTitle\"><span>I Capelli avranno un aspetto Naturale?<\/span><\/div>\n\t\t\t<div class=\"tabAccordionContent\"><\/p>\n<p><span style=\"font-weight: 400;\">Per una grande percentuale dei pazienti che hanno subito l&#8217;intervento il risultato sembra naturale. Tuttavia, ci\u00f2 dipender\u00e0 interamente da quanto qualificato \u00e8 lo specialista che avete scelto. Quindi \u00e8 importante che la procedura venga eseguita da un professionista altamente qualificato.<\/span><\/p>\n<p>\n<\/div>\n\t\t<\/div><div class=\"tabPane\">\n\t\t\t<div class=\"tabAccordionTitle\"><span>Quanto ci vuole per un trapianto di capelli?<\/span><\/div>\n\t\t\t<div class=\"tabAccordionContent\"><\/p>\n<p><span style=\"font-weight: 400;\">Ci vogliono circa 7 ore a seconda del piano di trattamento.<\/span><\/p>\n<p>\n<\/div>\n\t\t<\/div><div class=\"tabPane\">\n\t\t\t<div class=\"tabAccordionTitle\"><span>Le operazioni di trapianto di capelli sono dolorose?<\/span><\/div>\n\t\t\t<div class=\"tabAccordionContent\"><\/p>\n<p><span style=\"font-weight: 400;\">No, visto che le operazioni di trapianto di capelli vengono eseguite sotto anestesia locale, non si sente alcun dolore.<\/span><\/p>\n<p>\n<\/div>\n\t\t<\/div><div class=\"tabPane\">\n\t\t\t<div class=\"tabAccordionTitle\"><span>Quanto ci vorrebbe per riprendersi?<\/span><\/div>\n\t\t\t<div class=\"tabAccordionContent\"><\/p>\n<div class=\"vc_row wpb_row vc_row-fluid tm-row-textcolor-default tm-row-bgtype-default tm-custom-42743\">\n<div class=\"wpb_column vc_column_container tm-col-textcolor-default tm-col-bgcolor-default vc_col-sm-12 \">\n<div class=\"vc_column-inner \">\n<div class=\"wpb_wrapper\">\n<div id=\"1525951895580-5df2a831-084b\" class=\"vc_toggle vc_toggle_default vc_toggle_color_skincolor vc_toggle_size_md vc_toggle_active\">\n<div class=\"vc_toggle_content\">\n<div id=\"recovery\">\n<p><span style=\"font-weight: 400;\">Con la raffinata procedura di trapianto di micro capelli di oggi le incisioni sono molto piccole e meno invasive rispetto alle procedure passate. Questo rende possibile una guarigione pi\u00f9 rapida. La maggior parte dei pazienti si sente bene entro un giorno o due dopo l&#8217;intervento chirurgico, anche se ci si pu\u00f2 aspettare un po &#8216; di intorpidimento e lieve dolore per diversi giorni dopo.<\/span><\/p>\n<\/div>\n<\/div>\n<\/div>\n<\/div>\n<\/div>\n<\/div>\n<\/div>\n<p>\n<\/div>\n\t\t<\/div><div class=\"tabPane\">\n\t\t\t<div class=\"tabAccordionTitle\"><span>Il trapianto di capelli \u00e8 Un&#8217;operazione sicura?<\/span><\/div>\n\t\t\t<div class=\"tabAccordionContent\"><\/p>\n<p><span style=\"font-weight: 400;\">Questa \u00e8 una delle domande pi\u00f9 frequenti poste dalla maggioranza delle persone. I rischi riportati da un processo di trapianto di capelli sono piuttosto rari. Non esitate a discutere la questione con il vostro specialista prima di fare la procedura su di voi.<\/span><\/p>\n<p>\n<\/div>\n\t\t<\/div><div class=\"tabPane\">\n\t\t\t<div class=\"tabAccordionTitle\"><span>Quando posso tornare al lavoro dopo il trapianto di capelli?<\/span><\/div>\n\t\t\t<div class=\"tabAccordionContent\"><\/p>\n<p><span style=\"font-weight: 400;\">\u00c8 possibile tornare alla vostra routine quotidiana e lavorare entro 2-3 giorni dopo l&#8217;operazione di trapianto di capelli.<\/span><span style=\"font-weight: 400;\"><br \/>\n<\/span><span style=\"font-weight: 400;\">Tenete a mente che le croste formatosi sulla zona trapiantata saranno presenti per 12-15 giorni.<\/span><\/p>\n<p>\n<\/div>\n\t\t<\/div><\/div><\/div><\/div><\/div><\/div><\/div><\/div><\/div><\/div><\/section>\n","protected":false},"excerpt":{"rendered":"","protected":false},"author":1,"featured_media":3494,"parent":0,"menu_order":0,"comment_status":"closed","ping_status":"closed","template":"","meta":{"_joinchat":[]},"yoast_head":"<!-- This site is optimized with the Yoast SEO plugin v20.5 - https:\/\/yoast.com\/wordpress\/plugins\/seo\/ -->\n<title>FAQ- Trapianto di capelli - Hestanbul<\/title>\n<meta name=\"robots\" content=\"index, follow, max-snippet:-1, max-image-preview:large, max-video-preview:-1\" \/>\n<link rel=\"canonical\" href=\"http:\/\/hestanbul.com\/it\/faq-hair-transplant\/\" \/>\n<meta property=\"og:locale\" content=\"it_IT\" \/>\n<meta property=\"og:type\" content=\"article\" \/>\n<meta property=\"og:title\" content=\"FAQ- Trapianto di capelli - Hestanbul\" \/>\n<meta property=\"og:url\" content=\"http:\/\/hestanbul.com\/it\/faq-hair-transplant\/\" \/>\n<meta property=\"og:site_name\" content=\"Hestanbul\" \/>\n<meta property=\"article:modified_time\" content=\"2020-01-04T11:47:20+00:00\" \/>\n<meta property=\"og:image\" content=\"http:\/\/hestanbul.com\/wp-content\/uploads\/2019\/09\/hart-e1568925475731.jpg\" \/>\n\t<meta property=\"og:image:width\" content=\"1899\" \/>\n\t<meta property=\"og:image:height\" content=\"792\" \/>\n\t<meta property=\"og:image:type\" content=\"image\/jpeg\" \/>\n<meta name=\"twitter:card\" content=\"summary_large_image\" \/>\n<meta name=\"twitter:label1\" content=\"Tempo di lettura stimato\" \/>\n\t<meta name=\"twitter:data1\" content=\"3 minuti\" \/>\n<script type=\"application\/ld+json\" class=\"yoast-schema-graph\">{\"@context\":\"https:\/\/schema.org\",\"@graph\":[{\"@type\":\"WebPage\",\"@id\":\"http:\/\/hestanbul.com\/it\/faq-hair-transplant\/\",\"url\":\"http:\/\/hestanbul.com\/it\/faq-hair-transplant\/\",\"name\":\"FAQ- Trapianto di capelli - Hestanbul\",\"isPartOf\":{\"@id\":\"https:\/\/hestanbul.com\/#website\"},\"datePublished\":\"2015-12-02T09:21:30+00:00\",\"dateModified\":\"2020-01-04T11:47:20+00:00\",\"breadcrumb\":{\"@id\":\"http:\/\/hestanbul.com\/it\/faq-hair-transplant\/#breadcrumb\"},\"inLanguage\":\"it-IT\",\"potentialAction\":[{\"@type\":\"ReadAction\",\"target\":[\"http:\/\/hestanbul.com\/it\/faq-hair-transplant\/\"]}]},{\"@type\":\"BreadcrumbList\",\"@id\":\"http:\/\/hestanbul.com\/it\/faq-hair-transplant\/#breadcrumb\",\"itemListElement\":[{\"@type\":\"ListItem\",\"position\":1,\"name\":\"Home\",\"item\":\"http:\/\/hestanbul.com\/it\/\"},{\"@type\":\"ListItem\",\"position\":2,\"name\":\"FAQ- Trapianto di capelli\"}]},{\"@type\":\"WebSite\",\"@id\":\"https:\/\/hestanbul.com\/#website\",\"url\":\"https:\/\/hestanbul.com\/\",\"name\":\"Hestanbul\",\"description\":\"Health &amp; Medical Services\",\"potentialAction\":[{\"@type\":\"SearchAction\",\"target\":{\"@type\":\"EntryPoint\",\"urlTemplate\":\"https:\/\/hestanbul.com\/?s={search_term_string}\"},\"query-input\":\"required name=search_term_string\"}],\"inLanguage\":\"it-IT\"}]}<\/script>\n<!-- \/ Yoast SEO plugin. -->","yoast_head_json":{"title":"FAQ- Trapianto di capelli - Hestanbul","robots":{"index":"index","follow":"follow","max-snippet":"max-snippet:-1","max-image-preview":"max-image-preview:large","max-video-preview":"max-video-preview:-1"},"canonical":"http:\/\/hestanbul.com\/it\/faq-hair-transplant\/","og_locale":"it_IT","og_type":"article","og_title":"FAQ- Trapianto di capelli - Hestanbul","og_url":"http:\/\/hestanbul.com\/it\/faq-hair-transplant\/","og_site_name":"Hestanbul","article_modified_time":"2020-01-04T11:47:20+00:00","og_image":[{"width":1899,"height":792,"url":"http:\/\/hestanbul.com\/wp-content\/uploads\/2019\/09\/hart-e1568925475731.jpg","type":"image\/jpeg"}],"twitter_card":"summary_large_image","twitter_misc":{"Tempo di lettura stimato":"3 minuti"},"schema":{"@context":"https:\/\/schema.org","@graph":[{"@type":"WebPage","@id":"http:\/\/hestanbul.com\/it\/faq-hair-transplant\/","url":"http:\/\/hestanbul.com\/it\/faq-hair-transplant\/","name":"FAQ- Trapianto di capelli - Hestanbul","isPartOf":{"@id":"https:\/\/hestanbul.com\/#website"},"datePublished":"2015-12-02T09:21:30+00:00","dateModified":"2020-01-04T11:47:20+00:00","breadcrumb":{"@id":"http:\/\/hestanbul.com\/it\/faq-hair-transplant\/#breadcrumb"},"inLanguage":"it-IT","potentialAction":[{"@type":"ReadAction","target":["http:\/\/hestanbul.com\/it\/faq-hair-transplant\/"]}]},{"@type":"BreadcrumbList","@id":"http:\/\/hestanbul.com\/it\/faq-hair-transplant\/#breadcrumb","itemListElement":[{"@type":"ListItem","position":1,"name":"Home","item":"http:\/\/hestanbul.com\/it\/"},{"@type":"ListItem","position":2,"name":"FAQ- Trapianto di capelli"}]},{"@type":"WebSite","@id":"https:\/\/hestanbul.com\/#website","url":"https:\/\/hestanbul.com\/","name":"Hestanbul","description":"Health &amp; Medical Services","potentialAction":[{"@type":"SearchAction","target":{"@type":"EntryPoint","urlTemplate":"https:\/\/hestanbul.com\/?s={search_term_string}"},"query-input":"required name=search_term_string"}],"inLanguage":"it-IT"}]}},"_links":{"self":[{"href":"https:\/\/hestanbul.com\/it\/wp-json\/wp\/v2\/pages\/3515"}],"collection":[{"href":"https:\/\/hestanbul.com\/it\/wp-json\/wp\/v2\/pages"}],"about":[{"href":"https:\/\/hestanbul.com\/it\/wp-json\/wp\/v2\/types\/page"}],"author":[{"embeddable":true,"href":"https:\/\/hestanbul.com\/it\/wp-json\/wp\/v2\/users\/1"}],"replies":[{"embeddable":true,"href":"https:\/\/hestanbul.com\/it\/wp-json\/wp\/v2\/comments?post=3515"}],"version-history":[{"count":2,"href":"https:\/\/hestanbul.com\/it\/wp-json\/wp\/v2\/pages\/3515\/revisions"}],"predecessor-version":[{"id":3517,"href":"https:\/\/hestanbul.com\/it\/wp-json\/wp\/v2\/pages\/3515\/revisions\/3517"}],"wp:featuredmedia":[{"embeddable":true,"href":"https:\/\/hestanbul.com\/it\/wp-json\/wp\/v2\/media\/3494"}],"wp:attachment":[{"href":"https:\/\/hestanbul.com\/it\/wp-json\/wp\/v2\/media?parent=3515"}],"curies":[{"name":"wp","href":"https:\/\/api.w.org\/{rel}","templated":true}]}}